{"id":35,"date":"2014-07-19T17:07:45","date_gmt":"2014-07-19T15:07:45","guid":{"rendered":"http:\/\/bernadette-schaefer.com\/?page_id=35"},"modified":"2018-07-15T14:06:15","modified_gmt":"2018-07-15T12:06:15","slug":"kontakt","status":"publish","type":"page","link":"http:\/\/bernadette-schaefer.com\/de\/kontakt\/","title":{"rendered":"Kontakt"},"content":{"rendered":"\n\t\t<!-- MasterSlider -->\n\t\t<div id=\"P_MS69de01d1ab491\" class=\"master-slider-parent msl ms-parent-id-5\" style=\"max-width:930px;\">\n\n\t\t\t\n\t\t\t<!-- MasterSlider Main -->\n\t\t\t<div id=\"MS69de01d1ab491\" class=\"master-slider ms-skin-default\" >\n\t\t\t\t \t\t\t\t \n\t\t\t\t<div  class=\"ms-slide\" data-delay=\"4\" data-fill-mode=\"fill\"  >\n\t\t\t\t\t<img src=\"http:\/\/bernadette-schaefer.com\/de\/wp-content\/plugins\/master-slider\/public\/assets\/css\/blank.gif\" alt=\"\" title=\"\" data-src=\"http:\/\/bernadette-schaefer.com\/de\/wp-content\/uploads\/sites\/2\/2017\/12\/Collage_Fotor4.jpg\" \/>\n\n\n\t<div class=\"ms-thumb\" ><div class=\"ms-tab-context\"><div class=&quot;ms-tab-context&quot;><\/div><\/div>\n<\/div>\n\t\t\t\t<\/div>\n\t\t\t\t<div  class=\"ms-slide\" data-delay=\"4\" data-fill-mode=\"fill\"  >\n\t\t\t\t\t<img src=\"http:\/\/bernadette-schaefer.com\/de\/wp-content\/plugins\/master-slider\/public\/assets\/css\/blank.gif\" alt=\"\" title=\"\" data-src=\"http:\/\/bernadette-schaefer.com\/de\/wp-content\/uploads\/sites\/2\/2015\/01\/Bernadette_Schaefer_Impression_Vita_6.jpg\" \/>\n\n\n\t<div class=\"ms-thumb\" ><div class=\"ms-tab-context\"><div class=&quot;ms-tab-context&quot;><\/div><\/div>\n<\/div>\n\t\t\t\t<\/div>\n\t\t\t\t<div  class=\"ms-slide\" data-delay=\"4\" data-fill-mode=\"fill\"  >\n\t\t\t\t\t<img src=\"http:\/\/bernadette-schaefer.com\/de\/wp-content\/plugins\/master-slider\/public\/assets\/css\/blank.gif\" alt=\"\" title=\"\" data-src=\"http:\/\/bernadette-schaefer.com\/de\/wp-content\/uploads\/sites\/2\/2015\/01\/Bernadette_Schaefer_Impression_Vita_7.jpg\" \/>\n\n\n\t<div class=\"ms-thumb\" ><div class=\"ms-tab-context\"><div class=&quot;ms-tab-context&quot;><\/div><\/div>\n<\/div>\n\t\t\t\t<\/div>\n\n\t\t\t<\/div>\n\t\t\t<!-- END MasterSlider Main -->\n\n\t\t\t \n\t\t<\/div>\n\t\t<!-- END MasterSlider -->\n\n\t\t<script>\n\t\t(function ( $ ) {\n\t\t\t\"use strict\";\n\n\t\t\t$(function () {\n\t\t\t\tvar masterslider_b491 = new MasterSlider();\n\n\t\t\t\t\/\/ slider controls\n\n\t\t\t\t\/\/ slider setup\n\t\t\t\tmasterslider_b491.setup(\"MS69de01d1ab491\", {\n\t\t\t\t\t\twidth           : 930,\n\t\t\t\t\t\theight          : 300,\n\t\t\t\t\t\tminHeight       : 0,\n\t\t\t\t\t\tspace           : 0,\n\t\t\t\t\t\tstart           : 1,\n\t\t\t\t\t\tgrabCursor      : true,\n\t\t\t\t\t\tswipe           : true,\n\t\t\t\t\t\tmouse           : true,\n\t\t\t\t\t\tlayout          : \"boxed\",\n\t\t\t\t\t\twheel           : false,\n\t\t\t\t\t\tautoplay        : true,\n\t\t\t\t\t\tinstantStartLayers:false,\n\t\t\t\t\t\tloop            : true,\n\t\t\t\t\t\tshuffle         : false,\n\t\t\t\t\t\tpreload         : 0,\n\t\t\t\t\t\theightLimit     : true,\n\t\t\t\t\t\tautoHeight      : false,\n\t\t\t\t\t\tsmoothHeight    : true,\n\t\t\t\t\t\tendPause        : false,\n\t\t\t\t\t\toverPause       : true,\n\t\t\t\t\t\tfillMode        : \"fill\",\n\t\t\t\t\t\tcenterControls  : true,\n\t\t\t\t\t\tstartOnAppear   : false,\n\t\t\t\t\t\tlayersMode      : \"center\",\n\t\t\t\t\t\thideLayers      : false,\n\t\t\t\t\t\tfullscreenMargin: 0,\n\t\t\t\t\t\tspeed           : 10,\n\t\t\t\t\t\tdir             : \"h\",\n\t\t\t\t\t\tparallaxMode    : 'swipe',\n\t\t\t\t\t\tview            : \"basic\"\n\t\t\t\t});\n\n\t\t\t\t\n\t\t\t\twindow.masterslider_instances = window.masterslider_instances || [];\n\t\t\t\twindow.masterslider_instances.push( masterslider_b491 );\n\t\t\t });\n\n\t\t})(jQuery);\n\t\t<\/script>\n\n\n<p>Unter folgender E-Mail-Adresse k\u00f6nnen Sie direkt Kontakt aufnehmen oder Anfragen an uns richten. Wir antworten innerhalb k\u00fcrzester Zeit per Email oder telefonisch.<\/p>\n<p><a href=\"mailto:post(at)bernadette-schaefer.de\">post(at)bernadette-schaefer.de<\/a><\/p>\n","protected":false},"excerpt":{"rendered":"<p>Unter folgender E-Mail-Adresse k\u00f6nnen Sie direkt Kontakt aufnehmen oder Anfragen an uns richten. Wir antworten innerhalb k\u00fcrzester Zeit per Email oder telefonisch. post(at)bernadette-schaefer.de<\/p>\n","protected":false},"author":1,"featured_media":0,"parent":0,"menu_order":0,"comment_status":"open","ping_status":"open","template":"page-template-fullwidth.php","meta":[],"yoast_head":"<!-- This site is optimized with the Yoast SEO plugin v18.3 - https:\/\/yoast.com\/wordpress\/plugins\/seo\/ -->\n<title>Kontakt - Bernadette Sch\u00e4fer<\/title>\n<meta name=\"robots\" content=\"index, follow, max-snippet:-1, max-image-preview:large, max-video-preview:-1\" \/>\n<link rel=\"canonical\" href=\"http:\/\/bernadette-schaefer.com\/de\/kontakt\/\" \/>\n<meta property=\"og:locale\" content=\"de_DE\" \/>\n<meta property=\"og:type\" content=\"article\" \/>\n<meta property=\"og:title\" content=\"Kontakt - Bernadette Sch\u00e4fer\" \/>\n<meta property=\"og:description\" content=\"Unter folgender E-Mail-Adresse k\u00f6nnen Sie direkt Kontakt aufnehmen oder Anfragen an uns richten. Wir antworten innerhalb k\u00fcrzester Zeit per Email oder telefonisch. post(at)bernadette-schaefer.de\" \/>\n<meta property=\"og:url\" content=\"http:\/\/bernadette-schaefer.com\/de\/kontakt\/\" \/>\n<meta property=\"og:site_name\" content=\"Bernadette Sch\u00e4fer\" \/>\n<meta property=\"article:modified_time\" content=\"2018-07-15T12:06:15+00:00\" \/>\n<script type=\"application\/ld+json\" class=\"yoast-schema-graph\">{\"@context\":\"https:\/\/schema.org\",\"@graph\":[{\"@type\":\"WebSite\",\"@id\":\"http:\/\/bernadette-schaefer.com\/de\/#website\",\"url\":\"http:\/\/bernadette-schaefer.com\/de\/\",\"name\":\"Bernadette Sch\u00e4fer\",\"description\":\"Sopran\",\"potentialAction\":[{\"@type\":\"SearchAction\",\"target\":{\"@type\":\"EntryPoint\",\"urlTemplate\":\"http:\/\/bernadette-schaefer.com\/de\/?s={search_term_string}\"},\"query-input\":\"required name=search_term_string\"}],\"inLanguage\":\"de\"},{\"@type\":\"WebPage\",\"@id\":\"http:\/\/bernadette-schaefer.com\/de\/kontakt\/#webpage\",\"url\":\"http:\/\/bernadette-schaefer.com\/de\/kontakt\/\",\"name\":\"Kontakt - Bernadette Sch\u00e4fer\",\"isPartOf\":{\"@id\":\"http:\/\/bernadette-schaefer.com\/de\/#website\"},\"datePublished\":\"2014-07-19T15:07:45+00:00\",\"dateModified\":\"2018-07-15T12:06:15+00:00\",\"breadcrumb\":{\"@id\":\"http:\/\/bernadette-schaefer.com\/de\/kontakt\/#breadcrumb\"},\"inLanguage\":\"de\",\"potentialAction\":[{\"@type\":\"ReadAction\",\"target\":[\"http:\/\/bernadette-schaefer.com\/de\/kontakt\/\"]}]},{\"@type\":\"BreadcrumbList\",\"@id\":\"http:\/\/bernadette-schaefer.com\/de\/kontakt\/#breadcrumb\",\"itemListElement\":[{\"@type\":\"ListItem\",\"position\":1,\"name\":\"Home\",\"item\":\"http:\/\/bernadette-schaefer.com\/de\/\"},{\"@type\":\"ListItem\",\"position\":2,\"name\":\"Kontakt\"}]}]}<\/script>\n<!-- \/ Yoast SEO plugin. -->","yoast_head_json":{"title":"Kontakt - Bernadette Sch\u00e4fer","robots":{"index":"index","follow":"follow","max-snippet":"max-snippet:-1","max-image-preview":"max-image-preview:large","max-video-preview":"max-video-preview:-1"},"canonical":"http:\/\/bernadette-schaefer.com\/de\/kontakt\/","og_locale":"de_DE","og_type":"article","og_title":"Kontakt - Bernadette Sch\u00e4fer","og_description":"Unter folgender E-Mail-Adresse k\u00f6nnen Sie direkt Kontakt aufnehmen oder Anfragen an uns richten. Wir antworten innerhalb k\u00fcrzester Zeit per Email oder telefonisch. post(at)bernadette-schaefer.de","og_url":"http:\/\/bernadette-schaefer.com\/de\/kontakt\/","og_site_name":"Bernadette Sch\u00e4fer","article_modified_time":"2018-07-15T12:06:15+00:00","schema":{"@context":"https:\/\/schema.org","@graph":[{"@type":"WebSite","@id":"http:\/\/bernadette-schaefer.com\/de\/#website","url":"http:\/\/bernadette-schaefer.com\/de\/","name":"Bernadette Sch\u00e4fer","description":"Sopran","potentialAction":[{"@type":"SearchAction","target":{"@type":"EntryPoint","urlTemplate":"http:\/\/bernadette-schaefer.com\/de\/?s={search_term_string}"},"query-input":"required name=search_term_string"}],"inLanguage":"de"},{"@type":"WebPage","@id":"http:\/\/bernadette-schaefer.com\/de\/kontakt\/#webpage","url":"http:\/\/bernadette-schaefer.com\/de\/kontakt\/","name":"Kontakt - Bernadette Sch\u00e4fer","isPartOf":{"@id":"http:\/\/bernadette-schaefer.com\/de\/#website"},"datePublished":"2014-07-19T15:07:45+00:00","dateModified":"2018-07-15T12:06:15+00:00","breadcrumb":{"@id":"http:\/\/bernadette-schaefer.com\/de\/kontakt\/#breadcrumb"},"inLanguage":"de","potentialAction":[{"@type":"ReadAction","target":["http:\/\/bernadette-schaefer.com\/de\/kontakt\/"]}]},{"@type":"BreadcrumbList","@id":"http:\/\/bernadette-schaefer.com\/de\/kontakt\/#breadcrumb","itemListElement":[{"@type":"ListItem","position":1,"name":"Home","item":"http:\/\/bernadette-schaefer.com\/de\/"},{"@type":"ListItem","position":2,"name":"Kontakt"}]}]}},"_links":{"self":[{"href":"http:\/\/bernadette-schaefer.com\/de\/wp-json\/wp\/v2\/pages\/35"}],"collection":[{"href":"http:\/\/bernadette-schaefer.com\/de\/wp-json\/wp\/v2\/pages"}],"about":[{"href":"http:\/\/bernadette-schaefer.com\/de\/wp-json\/wp\/v2\/types\/page"}],"author":[{"embeddable":true,"href":"http:\/\/bernadette-schaefer.com\/de\/wp-json\/wp\/v2\/users\/1"}],"replies":[{"embeddable":true,"href":"http:\/\/bernadette-schaefer.com\/de\/wp-json\/wp\/v2\/comments?post=35"}],"version-history":[{"count":8,"href":"http:\/\/bernadette-schaefer.com\/de\/wp-json\/wp\/v2\/pages\/35\/revisions"}],"predecessor-version":[{"id":397,"href":"http:\/\/bernadette-schaefer.com\/de\/wp-json\/wp\/v2\/pages\/35\/revisions\/397"}],"wp:attachment":[{"href":"http:\/\/bernadette-schaefer.com\/de\/wp-json\/wp\/v2\/media?parent=35"}],"curies":[{"name":"wp","href":"https:\/\/api.w.org\/{rel}","templated":true}]}}