{"id":191,"date":"2014-07-27T20:55:58","date_gmt":"2014-07-27T18:55:58","guid":{"rendered":"http:\/\/bernadette-schaefer.com\/de\/?page_id=191"},"modified":"2020-03-02T01:06:18","modified_gmt":"2020-03-01T23:06:18","slug":"vergangene-auftritte","status":"publish","type":"page","link":"http:\/\/bernadette-schaefer.com\/de\/vergangene-auftritte\/","title":{"rendered":"Vergangene Auftritte (Auswahl)"},"content":{"rendered":"<hr \/>\n<p>Aktuelle Termine finden Sie <a title=\"Aktuelle Termine\" href=\"http:\/\/bernadette-schaefer.com\/de\/aktuelle-termine\/\">hier<\/a>.<\/p>\n<hr \/>\n<h3>A. Honegger: K\u00f6nig David<\/h3>\n<p>Musikalische Leitung: Johannes Kleinjung<\/p>\n<hr \/>\n<h3>Liederabend &#8222;Clara e le altre&#8220;<\/h3>\n<p>Galleria comunale d&#8217;arte di Cagliari, Cagliari, Italien<\/p>\n<p>Liederabend mit Werken von Alma Mahler, Grete von Zieritz, Fanny Hensel und Clara Schumann<\/p>\n<p>Bernadette Sch\u00e4fer, Sopran<br \/>\nDaniele Piattelli, Klavier<\/p>\n<hr \/>\n<h3>F. Mendelssohn-Bartholdy: Elias<\/h3>\n<p>Musikalische Leitung: Thomas J. Frank<\/p>\n<hr \/>\n<h3>W. A. Mozart: Missa in c, KV 427<\/h3>\n<p>Musikalische Leitung: Martin Ramroth<\/p>\n<hr \/>\n<h3>L. v. Beethoven: Sinfonie Nr. 9<\/h3>\n<p>Teatro Eagles, Santa Cruz de la Sierra (Bolivien)<\/p>\n<p>Orquesta Filarm\u00f3nica de Santa Cruz de la Sierra<br \/>\nLeitung: Isaac Terceros<\/p>\n<hr \/>\n<h3>F. Mendelssohn-Bartholdy: Sinfonie Nr. 2 \u201eLobgesang\u201c, op. 52<\/h3>\n<p>Rhein-Mosel-Halle Koblenz<\/p>\n<p>Musikalische Leitung: Martin Ramroth<\/p>\n<hr \/>\n<h3>J. Whitbourn: Annelies<br \/>\nOratorium nach Texten von Anne Frank<\/p>\n<hr \/>\n<h3>E. K\u00e1lm\u00e1n: Die Cz\u00e1rd\u00e1sf\u00fcrstin (Stasi)<\/h3>\n<p>Oper f\u00fcr Kinder, Oper Frankfurt<\/p>\n<hr \/>\n<h3>G. Nicolini: Carlo Magno (Rosmida)<\/h3>\n<p>Moderation: Michael Quast<br \/>\nLeitung: Thomas Hanelt<\/p>\n<hr \/>\n<h3>W. A. Mozart: Die Zauberfl\u00f6te (Pamina)<\/h3>\n<p>Opera Classica Europa<\/p>\n<hr \/>\n<h3>Neujahrskonzert der Deutschen Botschaft Tiflis<\/h3>\n<p>Bernadette Sch\u00e4fer, Sopran<br \/>\nFlorian Fuckner, Bass<br \/>\nNino Jvania, Klavier<\/p>\n<hr \/>\n<h3>G. Verdi: La Traviata (Flora)<\/h3>\n<p>Landestheater Detmold<\/p>\n<p>Musikalische Leitung: GMD Erich W\u00e4chter<br \/>\nRegie: Kay Metzger<\/p>\n<hr \/>\n<h3>Rom\u00e9o &amp; M\u00e9lisande \u2013 Opernszenen von Debussy, Bernstein,<br \/>\nLeoncavallo und Gounod (Diplompr\u00fcfung)<\/h3>\n<p>Musikalische Leitung: Christoph Ulrich Meier<br \/>\nRegie: Thomas W\u00fcnsch<\/p>\n<hr \/>\n<h3>J. Haydn: Nelson-Messe<\/h3>\n<p>Corveyer Musikwochen<\/p>\n<p>Musikalische Leitung: Gerhard Weinberger<\/p>\n<hr \/>\n<h3>J. Offenbach: Die Verlobung bei der Laterne (Annemarie)<\/h3>\n<p>Sommertheater Detmold<\/p>\n<p>Musikalische Leitung: Christoph Ulrich Meier<br \/>\nRegie: Manfred Roth<\/p>\n<hr \/>\n<h3>E. Humperdinck: H\u00e4nsel und Gretel (Gretel)<\/h3>\n<p>Musikalische Leitung: Nils Gassmann<br \/>\nRegie: Ulrich Holle<\/p>\n<hr \/>\n<h3>G. Verdi: La Traviata (Flora)<\/h3>\n<p>Landestheater Detmold<\/p>\n<p>Musikalische Leitung: Christoph Ulrich Meier<br \/>\nRegie: Manfred Roth<\/p>\n<hr \/>\n<h3>J. S. Bach: Johannes-Passion<\/h3>\n<p>St. Peter in Ketten, Montabaur<\/p>\n<p>Musikalische Leitung: Martin Ramroth<\/p>\n<hr \/>\n<h3>F. Mendelssohn-Bartholdy: Paulus<\/h3>\n<p>Christuskirche, Detmold<\/p>\n<p>Musikalische Leitung: Hanne Sentker<\/p>\n<hr \/>\n<h3>E. Wolf-Ferrari: Die vier Grobiane (Marina)<\/h3>\n<p>Sommertheater Detmold<\/p>\n<p>Musikalische Leitung: Fabio Vettraino<br \/>\nRegie: Manfred Roth<\/p>\n<hr \/>\n<h3>J. Haydn: Die Sch\u00f6pfung<\/h3>\n<p>Heilig Kreuz, Detmold<\/p>\n<p>Musikalische Leitung: Gregor Schwarz<\/p>\n<hr \/>\n<h3>G. Bizet: Carmen (Frasquita)<\/h3>\n<p>Landestheater Detmold<\/p>\n<p>Musikalische Leitung: Fabio Vettraino<br \/>\nRegie: Peter Grisebach<\/p>\n<hr \/>\n<h3>W. A. Mozart: Le nozze di Figaro (Cherubino)<\/h3>\n<p>Koblenzer Jugendtheater, Stadttheater Koblenz<\/p>\n<p>Musikalische Leitung: Christopher Wasmuth<br \/>\nRegie: Christina Gassen<\/p>\n<hr \/>\n<h3>W. A. Mozart: Die Zauberfl\u00f6te (Papagena)<\/h3>\n<p>Koblenzer Jugendtheater<\/p>\n<p>Musikalische Leitung: Bernhard Epstein<br \/>\nRegie: Christina Gassen<\/p>\n","protected":false},"excerpt":{"rendered":"<p>Aktuelle Termine finden Sie hier. A. Honegger: K\u00f6nig David Musikalische Leitung: Johannes Kleinjung Liederabend &#8222;Clara e le altre&#8220; Galleria comunale d&#8217;arte di Cagliari, Cagliari, Italien Liederabend mit Werken von Alma Mahler, Grete von Zieritz, Fanny Hensel und Clara Schumann Bernadette Sch\u00e4fer, Sopran Daniele Piattelli, Klavier F. Mendelssohn-Bartholdy: Elias Musikalische Leitung:&#8230;<\/p>\n","protected":false},"author":1,"featured_media":0,"parent":0,"menu_order":0,"comment_status":"open","ping_status":"open","template":"page-template-fullwidth.php","meta":[],"yoast_head":"<!-- This site is optimized with the Yoast SEO plugin v18.3 - https:\/\/yoast.com\/wordpress\/plugins\/seo\/ -->\n<title>Vergangene Auftritte (Auswahl) - Bernadette Sch\u00e4fer<\/title>\n<meta name=\"robots\" content=\"index, follow, max-snippet:-1, max-image-preview:large, max-video-preview:-1\" \/>\n<link rel=\"canonical\" href=\"http:\/\/bernadette-schaefer.com\/de\/vergangene-auftritte\/\" \/>\n<meta property=\"og:locale\" content=\"de_DE\" \/>\n<meta property=\"og:type\" content=\"article\" \/>\n<meta property=\"og:title\" content=\"Vergangene Auftritte (Auswahl) - Bernadette Sch\u00e4fer\" \/>\n<meta property=\"og:description\" content=\"Aktuelle Termine finden Sie hier. A. Honegger: K\u00f6nig David Musikalische Leitung: Johannes Kleinjung Liederabend &#8222;Clara e le altre&#8220; Galleria comunale d&#8217;arte di Cagliari, Cagliari, Italien Liederabend mit Werken von Alma Mahler, Grete von Zieritz, Fanny Hensel und Clara Schumann Bernadette Sch\u00e4fer, Sopran Daniele Piattelli, Klavier F. Mendelssohn-Bartholdy: Elias Musikalische Leitung:...\" \/>\n<meta property=\"og:url\" content=\"http:\/\/bernadette-schaefer.com\/de\/vergangene-auftritte\/\" \/>\n<meta property=\"og:site_name\" content=\"Bernadette Sch\u00e4fer\" \/>\n<meta property=\"article:modified_time\" content=\"2020-03-01T23:06:18+00:00\" \/>\n<meta name=\"twitter:label1\" content=\"Gesch\u00e4tzte Lesezeit\" \/>\n\t<meta name=\"twitter:data1\" content=\"2\u00a0Minuten\" \/>\n<script type=\"application\/ld+json\" class=\"yoast-schema-graph\">{\"@context\":\"https:\/\/schema.org\",\"@graph\":[{\"@type\":\"WebSite\",\"@id\":\"http:\/\/bernadette-schaefer.com\/de\/#website\",\"url\":\"http:\/\/bernadette-schaefer.com\/de\/\",\"name\":\"Bernadette Sch\u00e4fer\",\"description\":\"Sopran\",\"potentialAction\":[{\"@type\":\"SearchAction\",\"target\":{\"@type\":\"EntryPoint\",\"urlTemplate\":\"http:\/\/bernadette-schaefer.com\/de\/?s={search_term_string}\"},\"query-input\":\"required name=search_term_string\"}],\"inLanguage\":\"de\"},{\"@type\":\"WebPage\",\"@id\":\"http:\/\/bernadette-schaefer.com\/de\/vergangene-auftritte\/#webpage\",\"url\":\"http:\/\/bernadette-schaefer.com\/de\/vergangene-auftritte\/\",\"name\":\"Vergangene Auftritte (Auswahl) - Bernadette Sch\u00e4fer\",\"isPartOf\":{\"@id\":\"http:\/\/bernadette-schaefer.com\/de\/#website\"},\"datePublished\":\"2014-07-27T18:55:58+00:00\",\"dateModified\":\"2020-03-01T23:06:18+00:00\",\"breadcrumb\":{\"@id\":\"http:\/\/bernadette-schaefer.com\/de\/vergangene-auftritte\/#breadcrumb\"},\"inLanguage\":\"de\",\"potentialAction\":[{\"@type\":\"ReadAction\",\"target\":[\"http:\/\/bernadette-schaefer.com\/de\/vergangene-auftritte\/\"]}]},{\"@type\":\"BreadcrumbList\",\"@id\":\"http:\/\/bernadette-schaefer.com\/de\/vergangene-auftritte\/#breadcrumb\",\"itemListElement\":[{\"@type\":\"ListItem\",\"position\":1,\"name\":\"Home\",\"item\":\"http:\/\/bernadette-schaefer.com\/de\/\"},{\"@type\":\"ListItem\",\"position\":2,\"name\":\"Vergangene Auftritte (Auswahl)\"}]}]}<\/script>\n<!-- \/ Yoast SEO plugin. -->","yoast_head_json":{"title":"Vergangene Auftritte (Auswahl) - Bernadette Sch\u00e4fer","robots":{"index":"index","follow":"follow","max-snippet":"max-snippet:-1","max-image-preview":"max-image-preview:large","max-video-preview":"max-video-preview:-1"},"canonical":"http:\/\/bernadette-schaefer.com\/de\/vergangene-auftritte\/","og_locale":"de_DE","og_type":"article","og_title":"Vergangene Auftritte (Auswahl) - Bernadette Sch\u00e4fer","og_description":"Aktuelle Termine finden Sie hier. A. Honegger: K\u00f6nig David Musikalische Leitung: Johannes Kleinjung Liederabend &#8222;Clara e le altre&#8220; Galleria comunale d&#8217;arte di Cagliari, Cagliari, Italien Liederabend mit Werken von Alma Mahler, Grete von Zieritz, Fanny Hensel und Clara Schumann Bernadette Sch\u00e4fer, Sopran Daniele Piattelli, Klavier F. Mendelssohn-Bartholdy: Elias Musikalische Leitung:...","og_url":"http:\/\/bernadette-schaefer.com\/de\/vergangene-auftritte\/","og_site_name":"Bernadette Sch\u00e4fer","article_modified_time":"2020-03-01T23:06:18+00:00","twitter_misc":{"Gesch\u00e4tzte Lesezeit":"2\u00a0Minuten"},"schema":{"@context":"https:\/\/schema.org","@graph":[{"@type":"WebSite","@id":"http:\/\/bernadette-schaefer.com\/de\/#website","url":"http:\/\/bernadette-schaefer.com\/de\/","name":"Bernadette Sch\u00e4fer","description":"Sopran","potentialAction":[{"@type":"SearchAction","target":{"@type":"EntryPoint","urlTemplate":"http:\/\/bernadette-schaefer.com\/de\/?s={search_term_string}"},"query-input":"required name=search_term_string"}],"inLanguage":"de"},{"@type":"WebPage","@id":"http:\/\/bernadette-schaefer.com\/de\/vergangene-auftritte\/#webpage","url":"http:\/\/bernadette-schaefer.com\/de\/vergangene-auftritte\/","name":"Vergangene Auftritte (Auswahl) - Bernadette Sch\u00e4fer","isPartOf":{"@id":"http:\/\/bernadette-schaefer.com\/de\/#website"},"datePublished":"2014-07-27T18:55:58+00:00","dateModified":"2020-03-01T23:06:18+00:00","breadcrumb":{"@id":"http:\/\/bernadette-schaefer.com\/de\/vergangene-auftritte\/#breadcrumb"},"inLanguage":"de","potentialAction":[{"@type":"ReadAction","target":["http:\/\/bernadette-schaefer.com\/de\/vergangene-auftritte\/"]}]},{"@type":"BreadcrumbList","@id":"http:\/\/bernadette-schaefer.com\/de\/vergangene-auftritte\/#breadcrumb","itemListElement":[{"@type":"ListItem","position":1,"name":"Home","item":"http:\/\/bernadette-schaefer.com\/de\/"},{"@type":"ListItem","position":2,"name":"Vergangene Auftritte (Auswahl)"}]}]}},"_links":{"self":[{"href":"http:\/\/bernadette-schaefer.com\/de\/wp-json\/wp\/v2\/pages\/191"}],"collection":[{"href":"http:\/\/bernadette-schaefer.com\/de\/wp-json\/wp\/v2\/pages"}],"about":[{"href":"http:\/\/bernadette-schaefer.com\/de\/wp-json\/wp\/v2\/types\/page"}],"author":[{"embeddable":true,"href":"http:\/\/bernadette-schaefer.com\/de\/wp-json\/wp\/v2\/users\/1"}],"replies":[{"embeddable":true,"href":"http:\/\/bernadette-schaefer.com\/de\/wp-json\/wp\/v2\/comments?post=191"}],"version-history":[{"count":21,"href":"http:\/\/bernadette-schaefer.com\/de\/wp-json\/wp\/v2\/pages\/191\/revisions"}],"predecessor-version":[{"id":443,"href":"http:\/\/bernadette-schaefer.com\/de\/wp-json\/wp\/v2\/pages\/191\/revisions\/443"}],"wp:attachment":[{"href":"http:\/\/bernadette-schaefer.com\/de\/wp-json\/wp\/v2\/media?parent=191"}],"curies":[{"name":"wp","href":"https:\/\/api.w.org\/{rel}","templated":true}]}}