{"id":179,"date":"2014-07-27T20:21:33","date_gmt":"2014-07-27T18:21:33","guid":{"rendered":"http:\/\/bernadette-schaefer.com\/de\/?page_id=179"},"modified":"2019-11-28T14:10:21","modified_gmt":"2019-11-28T12:10:21","slug":"oratorium-konzert","status":"publish","type":"page","link":"http:\/\/bernadette-schaefer.com\/de\/repertoire\/oratorium-konzert\/","title":{"rendered":"Oratorium \/ Konzert"},"content":{"rendered":"<table border=\"0\" style=\"background-color:#FFFFFF;border-collapse:collapse;border:0px solid #FFFFFF;color:#FFFFFF;width:100%\" cellpadding=\"3\" cellspacing=\"3\">\n<tr>\n<td>Bach, J. S.<\/td>\n<td>Messe in h-Moll, BWV 232<br \/>Matth\u00e4us-Passion, BWV 244<br \/>Johannes-Passion, BWV 245<br \/>Weihnachts-Oratorium, BWV 248<\/td>\n<\/tr>\n<tr>\n<td>Brahms, J.<\/td>\n<td>Ein deutsches Requiem, op. 45<\/td>\n<\/tr>\n<tr>\n<td>Faur\u00e9, G.<\/td>\n<td>Requiem, op. 48<\/td>\n<\/tr>\n<tr>\n<td>Gounod, Ch.<\/td>\n<td>Messe solennelle \u201eC\u00e4cilienmesse\u201c<\/td>\n<\/tr>\n<tr>\n<td>Haydn, J.<\/td>\n<td>Die Sch\u00f6pfung, Hob. XXI:2<br \/>Missa in angustiis (Nelson Messe), Hob. XXII: 11<\/td>\n<\/tr>\n<tr>\n<td>H\u00e4ndel, G. F.<\/td>\n<td>Messiah, HWV 56 <br \/>Dixit Dominus, HWV 232<\/td>\n<\/tr>\n<tr>\n<td>Honegger, A.<\/td>\n<td>Le Roi David (frz.\/dt.)<\/td>\n<\/tr>\n<tr>\n<td>Mendelssohn-Bartholdy, F.<\/td>\n<td>Paulus, op. 36<br \/>\u201eWie der Hirsch schreit\u201c, Psalm 42<br \/>Sinfonie Nr. 2 \u201eLobgesang\u201c, op. 52<br \/>Elias, op. 70<br \/>Lauda Sion, op. 73<br \/>Hymne \u201eH\u00f6r mein Bitten\u201c<br \/>Zwei geistliche Lieder, op. 112<\/td>\n<\/tr>\n<tr>\n<td>Mozart, W. A.<\/td>\n<td>Missa in C \u201eSpatzen-Messe\u201c, KV 220<br \/>Missa in C \u201eOrgelsolo-Messe\u201c, KV 259<br \/>Vesperae solennes de Confessore, KV 339<br \/>Missa in c, KV 427<br \/>Requiem, KV 626<\/td>\n<\/tr>\n<tr>\n<td>Pergolesi, G. B. <\/td>\n<td>Stabat Mater<\/td>\n<\/tr>\n<tr>\n<td>Rheinberger, J.<\/td>\n<td>6 geistliche Ges\u00e4nge, Nr. 2 und 4, op. 157<\/td>\n<\/tr>\n<tr>\n<td>Rossini, G.<\/td>\n<td>Petite Messe solennelle<\/td>\n<\/tr>\n<tr>\n<td>Schubert, F.<\/td>\n<td>Messe Nr. 2 G-Dur, D 167<\/td>\n<\/tr>\n<tr>\n<td>Telemann, G. Ph.<\/td>\n<td>Die Hirten bei der Krippe zu Bethlehem, TWV 1:797<br \/> Uns ist ein Kindlein geboren, TWV 1:1450<\/td>\n<\/tr>\n<tr>\n<td> Whitbourn, J.<\/td>\n<td>Annelies (Oratorium nach Texten von Anne Frank)<\/td>\n<\/table>\n","protected":false},"excerpt":{"rendered":"<p>Bach, J. S. Messe in h-Moll, BWV 232Matth\u00e4us-Passion, BWV 244Johannes-Passion, BWV 245Weihnachts-Oratorium, BWV 248 Brahms, J. Ein deutsches Requiem, op. 45 Faur\u00e9, G. Requiem, op. 48 Gounod, Ch. Messe solennelle \u201eC\u00e4cilienmesse\u201c Haydn, J. Die Sch\u00f6pfung, Hob. XXI:2Missa in angustiis (Nelson Messe), Hob. XXII: 11 H\u00e4ndel, G. F. Messiah, HWV 56&#8230;<\/p>\n","protected":false},"author":1,"featured_media":0,"parent":168,"menu_order":0,"comment_status":"open","ping_status":"open","template":"page-template-fullwidth.php","meta":[],"yoast_head":"<!-- This site is optimized with the Yoast SEO plugin v18.3 - https:\/\/yoast.com\/wordpress\/plugins\/seo\/ -->\n<title>Oratorium \/ Konzert - Bernadette Sch\u00e4fer<\/title>\n<meta name=\"robots\" content=\"index, follow, max-snippet:-1, max-image-preview:large, max-video-preview:-1\" \/>\n<link rel=\"canonical\" href=\"http:\/\/bernadette-schaefer.com\/de\/repertoire\/oratorium-konzert\/\" \/>\n<meta property=\"og:locale\" content=\"de_DE\" \/>\n<meta property=\"og:type\" content=\"article\" \/>\n<meta property=\"og:title\" content=\"Oratorium \/ Konzert - Bernadette Sch\u00e4fer\" \/>\n<meta property=\"og:description\" content=\"Bach, J. S. Messe in h-Moll, BWV 232Matth\u00e4us-Passion, BWV 244Johannes-Passion, BWV 245Weihnachts-Oratorium, BWV 248 Brahms, J. Ein deutsches Requiem, op. 45 Faur\u00e9, G. Requiem, op. 48 Gounod, Ch. Messe solennelle \u201eC\u00e4cilienmesse\u201c Haydn, J. Die Sch\u00f6pfung, Hob. XXI:2Missa in angustiis (Nelson Messe), Hob. XXII: 11 H\u00e4ndel, G. F. Messiah, HWV 56...\" \/>\n<meta property=\"og:url\" content=\"http:\/\/bernadette-schaefer.com\/de\/repertoire\/oratorium-konzert\/\" \/>\n<meta property=\"og:site_name\" content=\"Bernadette Sch\u00e4fer\" \/>\n<meta property=\"article:modified_time\" content=\"2019-11-28T12:10:21+00:00\" \/>\n<meta name=\"twitter:label1\" content=\"Gesch\u00e4tzte Lesezeit\" \/>\n\t<meta name=\"twitter:data1\" content=\"1\u00a0Minute\" \/>\n<script type=\"application\/ld+json\" class=\"yoast-schema-graph\">{\"@context\":\"https:\/\/schema.org\",\"@graph\":[{\"@type\":\"WebSite\",\"@id\":\"https:\/\/bernadette-schaefer.com\/de\/#website\",\"url\":\"https:\/\/bernadette-schaefer.com\/de\/\",\"name\":\"Bernadette Sch\u00e4fer\",\"description\":\"Sopran\",\"potentialAction\":[{\"@type\":\"SearchAction\",\"target\":{\"@type\":\"EntryPoint\",\"urlTemplate\":\"https:\/\/bernadette-schaefer.com\/de\/?s={search_term_string}\"},\"query-input\":\"required name=search_term_string\"}],\"inLanguage\":\"de\"},{\"@type\":\"WebPage\",\"@id\":\"http:\/\/bernadette-schaefer.com\/de\/repertoire\/oratorium-konzert\/#webpage\",\"url\":\"http:\/\/bernadette-schaefer.com\/de\/repertoire\/oratorium-konzert\/\",\"name\":\"Oratorium \/ Konzert - Bernadette Sch\u00e4fer\",\"isPartOf\":{\"@id\":\"https:\/\/bernadette-schaefer.com\/de\/#website\"},\"datePublished\":\"2014-07-27T18:21:33+00:00\",\"dateModified\":\"2019-11-28T12:10:21+00:00\",\"breadcrumb\":{\"@id\":\"http:\/\/bernadette-schaefer.com\/de\/repertoire\/oratorium-konzert\/#breadcrumb\"},\"inLanguage\":\"de\",\"potentialAction\":[{\"@type\":\"ReadAction\",\"target\":[\"http:\/\/bernadette-schaefer.com\/de\/repertoire\/oratorium-konzert\/\"]}]},{\"@type\":\"BreadcrumbList\",\"@id\":\"http:\/\/bernadette-schaefer.com\/de\/repertoire\/oratorium-konzert\/#breadcrumb\",\"itemListElement\":[{\"@type\":\"ListItem\",\"position\":1,\"name\":\"Home\",\"item\":\"https:\/\/bernadette-schaefer.com\/de\/\"},{\"@type\":\"ListItem\",\"position\":2,\"name\":\"Repertoire\",\"item\":\"http:\/\/bernadette-schaefer.com\/de\/repertoire\/\"},{\"@type\":\"ListItem\",\"position\":3,\"name\":\"Oratorium \/ Konzert\"}]}]}<\/script>\n<!-- \/ Yoast SEO plugin. -->","yoast_head_json":{"title":"Oratorium \/ Konzert - Bernadette Sch\u00e4fer","robots":{"index":"index","follow":"follow","max-snippet":"max-snippet:-1","max-image-preview":"max-image-preview:large","max-video-preview":"max-video-preview:-1"},"canonical":"http:\/\/bernadette-schaefer.com\/de\/repertoire\/oratorium-konzert\/","og_locale":"de_DE","og_type":"article","og_title":"Oratorium \/ Konzert - Bernadette Sch\u00e4fer","og_description":"Bach, J. S. Messe in h-Moll, BWV 232Matth\u00e4us-Passion, BWV 244Johannes-Passion, BWV 245Weihnachts-Oratorium, BWV 248 Brahms, J. Ein deutsches Requiem, op. 45 Faur\u00e9, G. Requiem, op. 48 Gounod, Ch. Messe solennelle \u201eC\u00e4cilienmesse\u201c Haydn, J. Die Sch\u00f6pfung, Hob. XXI:2Missa in angustiis (Nelson Messe), Hob. XXII: 11 H\u00e4ndel, G. F. Messiah, HWV 56...","og_url":"http:\/\/bernadette-schaefer.com\/de\/repertoire\/oratorium-konzert\/","og_site_name":"Bernadette Sch\u00e4fer","article_modified_time":"2019-11-28T12:10:21+00:00","twitter_misc":{"Gesch\u00e4tzte Lesezeit":"1\u00a0Minute"},"schema":{"@context":"https:\/\/schema.org","@graph":[{"@type":"WebSite","@id":"https:\/\/bernadette-schaefer.com\/de\/#website","url":"https:\/\/bernadette-schaefer.com\/de\/","name":"Bernadette Sch\u00e4fer","description":"Sopran","potentialAction":[{"@type":"SearchAction","target":{"@type":"EntryPoint","urlTemplate":"https:\/\/bernadette-schaefer.com\/de\/?s={search_term_string}"},"query-input":"required name=search_term_string"}],"inLanguage":"de"},{"@type":"WebPage","@id":"http:\/\/bernadette-schaefer.com\/de\/repertoire\/oratorium-konzert\/#webpage","url":"http:\/\/bernadette-schaefer.com\/de\/repertoire\/oratorium-konzert\/","name":"Oratorium \/ Konzert - Bernadette Sch\u00e4fer","isPartOf":{"@id":"https:\/\/bernadette-schaefer.com\/de\/#website"},"datePublished":"2014-07-27T18:21:33+00:00","dateModified":"2019-11-28T12:10:21+00:00","breadcrumb":{"@id":"http:\/\/bernadette-schaefer.com\/de\/repertoire\/oratorium-konzert\/#breadcrumb"},"inLanguage":"de","potentialAction":[{"@type":"ReadAction","target":["http:\/\/bernadette-schaefer.com\/de\/repertoire\/oratorium-konzert\/"]}]},{"@type":"BreadcrumbList","@id":"http:\/\/bernadette-schaefer.com\/de\/repertoire\/oratorium-konzert\/#breadcrumb","itemListElement":[{"@type":"ListItem","position":1,"name":"Home","item":"https:\/\/bernadette-schaefer.com\/de\/"},{"@type":"ListItem","position":2,"name":"Repertoire","item":"http:\/\/bernadette-schaefer.com\/de\/repertoire\/"},{"@type":"ListItem","position":3,"name":"Oratorium \/ Konzert"}]}]}},"_links":{"self":[{"href":"http:\/\/bernadette-schaefer.com\/de\/wp-json\/wp\/v2\/pages\/179"}],"collection":[{"href":"http:\/\/bernadette-schaefer.com\/de\/wp-json\/wp\/v2\/pages"}],"about":[{"href":"http:\/\/bernadette-schaefer.com\/de\/wp-json\/wp\/v2\/types\/page"}],"author":[{"embeddable":true,"href":"http:\/\/bernadette-schaefer.com\/de\/wp-json\/wp\/v2\/users\/1"}],"replies":[{"embeddable":true,"href":"http:\/\/bernadette-schaefer.com\/de\/wp-json\/wp\/v2\/comments?post=179"}],"version-history":[{"count":10,"href":"http:\/\/bernadette-schaefer.com\/de\/wp-json\/wp\/v2\/pages\/179\/revisions"}],"predecessor-version":[{"id":440,"href":"http:\/\/bernadette-schaefer.com\/de\/wp-json\/wp\/v2\/pages\/179\/revisions\/440"}],"up":[{"embeddable":true,"href":"http:\/\/bernadette-schaefer.com\/de\/wp-json\/wp\/v2\/pages\/168"}],"wp:attachment":[{"href":"http:\/\/bernadette-schaefer.com\/de\/wp-json\/wp\/v2\/media?parent=179"}],"curies":[{"name":"wp","href":"https:\/\/api.w.org\/{rel}","templated":true}]}}