{"id":175,"date":"2014-07-27T20:18:54","date_gmt":"2014-07-27T18:18:54","guid":{"rendered":"http:\/\/bernadette-schaefer.com\/de\/?page_id=175"},"modified":"2015-10-16T22:40:59","modified_gmt":"2015-10-16T20:40:59","slug":"oper","status":"publish","type":"page","link":"http:\/\/bernadette-schaefer.com\/de\/repertoire\/oper\/","title":{"rendered":"Oper"},"content":{"rendered":"<h2>Gesungene Partien<\/h2>\n<table style=\"background-color: #ffffff;border-collapse: collapse;border: 0px solid #FFFFFF;color: #ffffff;width: 100%\" border=\"0\" cellspacing=\"3\" cellpadding=\"3\">\n<tbody>\n<tr>\n<td>Bizet, G.<\/td>\n<td>Carmen<\/td>\n<td>Frasquita<\/td>\n<\/tr>\n<tr>\n<td>Debussy, C.<\/td>\n<td>Pell\u00e9as et M\u00e9lisande<\/td>\n<td>M\u00e9lisande (Ausz\u00fcge)<\/td>\n<\/tr>\n<tr>\n<td>Humperdinck, E.<\/td>\n<td>H\u00e4nsel und Gretel<\/td>\n<td>Gretel<\/td>\n<\/tr>\n<tr>\n<td>Mozart, W. A.<\/td>\n<td>Le nozze di Figaro<\/td>\n<td>Cherubino<\/td>\n<\/tr>\n<tr>\n<td>Mozart, W. A.<\/td>\n<td>Die Zauberfl\u00f6te<\/td>\n<td>Pamina<br \/>\nPapagena<\/td>\n<\/tr>\n<tr>\n<td>Nicolini, G.<\/td>\n<td>Carlo Magno<\/td>\n<td>Rosmida<\/td>\n<\/tr>\n<tr>\n<td>Offenbach, J.<\/td>\n<td>Die Verlobung bei der Laterne<\/td>\n<td>Anne-Marie (dt.)<\/td>\n<\/tr>\n<tr>\n<td>Purcell, H.<\/td>\n<td>Dido and Aeneas<\/td>\n<td>Belinda<\/td>\n<\/tr>\n<tr>\n<td>Verdi, G.<\/td>\n<td>La Traviata<\/td>\n<td>Flora<\/td>\n<\/tr>\n<tr>\n<td>Weill, K.<\/td>\n<td>Die Dreigroschenoper<\/td>\n<td>Polly<\/td>\n<\/tr>\n<tr>\n<td>Wolf-Ferrari, E.<\/td>\n<td>Die vier Grobiane<\/td>\n<td>Marina (dt.)<\/td>\n<\/tr>\n<\/tbody>\n<\/table>\n<h2>Studierte Partien<\/h2>\n<table style=\"background-color: #ffffff;border-collapse: collapse;border: 0px solid #FFFFFF;color: #ffffff;width: 100%\" border=\"0\" cellspacing=\"3\" cellpadding=\"3\">\n<tbody>\n<tr>\n<td>Bellini, V.<\/td>\n<td>I Capuleti e i Montecchi<\/td>\n<td>Giulietta<\/td>\n<\/tr>\n<tr>\n<td>Bizet, G.<\/td>\n<td>Carmen<\/td>\n<td>Mica\u00ebla<\/td>\n<\/tr>\n<tr>\n<td>Massenet, J.<\/td>\n<td>Manon<\/td>\n<td>Manon<\/td>\n<\/tr>\n<tr>\n<td>Mozart, W. A.<\/td>\n<td>Idomeneo, R\u00e8 di Creta<\/td>\n<td>Ilia (Ausz\u00fcge)<\/td>\n<\/tr>\n<tr>\n<td>Mozart, W. A.<\/td>\n<td>Le nozze di Figaro<\/td>\n<td>Susanna (Ausz\u00fcge)<\/td>\n<\/tr>\n<tr>\n<td>Rossini, G.<\/td>\n<td>La scala di seta<\/td>\n<td>Giulia<\/td>\n<\/tr>\n<tr>\n<td>Wolf-Ferrari, E.<\/td>\n<td>Die vier Grobiane<\/td>\n<td>Lucieta (dt.)<\/td>\n<\/tr>\n<\/tbody>\n<\/table>\n","protected":false},"excerpt":{"rendered":"<p>Gesungene Partien Bizet, G. Carmen Frasquita Debussy, C. Pell\u00e9as et M\u00e9lisande M\u00e9lisande (Ausz\u00fcge) Humperdinck, E. H\u00e4nsel und Gretel Gretel Mozart, W. A. Le nozze di Figaro Cherubino Mozart, W. A. Die Zauberfl\u00f6te Pamina Papagena Nicolini, G. Carlo Magno Rosmida Offenbach, J. Die Verlobung bei der Laterne Anne-Marie (dt.) Purcell, H&#8230;.<\/p>\n","protected":false},"author":1,"featured_media":0,"parent":168,"menu_order":0,"comment_status":"open","ping_status":"open","template":"page-template-fullwidth.php","meta":[],"yoast_head":"<!-- This site is optimized with the Yoast SEO plugin v18.3 - https:\/\/yoast.com\/wordpress\/plugins\/seo\/ -->\n<title>Oper - Bernadette Sch\u00e4fer<\/title>\n<meta name=\"robots\" content=\"index, follow, max-snippet:-1, max-image-preview:large, max-video-preview:-1\" \/>\n<link rel=\"canonical\" href=\"http:\/\/bernadette-schaefer.com\/de\/repertoire\/oper\/\" \/>\n<meta property=\"og:locale\" content=\"de_DE\" \/>\n<meta property=\"og:type\" content=\"article\" \/>\n<meta property=\"og:title\" content=\"Oper - Bernadette Sch\u00e4fer\" \/>\n<meta property=\"og:description\" content=\"Gesungene Partien Bizet, G. Carmen Frasquita Debussy, C. Pell\u00e9as et M\u00e9lisande M\u00e9lisande (Ausz\u00fcge) Humperdinck, E. H\u00e4nsel und Gretel Gretel Mozart, W. A. Le nozze di Figaro Cherubino Mozart, W. A. Die Zauberfl\u00f6te Pamina Papagena Nicolini, G. Carlo Magno Rosmida Offenbach, J. Die Verlobung bei der Laterne Anne-Marie (dt.) Purcell, H....\" \/>\n<meta property=\"og:url\" content=\"http:\/\/bernadette-schaefer.com\/de\/repertoire\/oper\/\" \/>\n<meta property=\"og:site_name\" content=\"Bernadette Sch\u00e4fer\" \/>\n<meta property=\"article:modified_time\" content=\"2015-10-16T20:40:59+00:00\" \/>\n<meta name=\"twitter:label1\" content=\"Gesch\u00e4tzte Lesezeit\" \/>\n\t<meta name=\"twitter:data1\" content=\"1\u00a0Minute\" \/>\n<script type=\"application\/ld+json\" class=\"yoast-schema-graph\">{\"@context\":\"https:\/\/schema.org\",\"@graph\":[{\"@type\":\"WebSite\",\"@id\":\"https:\/\/bernadette-schaefer.com\/de\/#website\",\"url\":\"https:\/\/bernadette-schaefer.com\/de\/\",\"name\":\"Bernadette Sch\u00e4fer\",\"description\":\"Sopran\",\"potentialAction\":[{\"@type\":\"SearchAction\",\"target\":{\"@type\":\"EntryPoint\",\"urlTemplate\":\"https:\/\/bernadette-schaefer.com\/de\/?s={search_term_string}\"},\"query-input\":\"required name=search_term_string\"}],\"inLanguage\":\"de\"},{\"@type\":\"WebPage\",\"@id\":\"http:\/\/bernadette-schaefer.com\/de\/repertoire\/oper\/#webpage\",\"url\":\"http:\/\/bernadette-schaefer.com\/de\/repertoire\/oper\/\",\"name\":\"Oper - Bernadette Sch\u00e4fer\",\"isPartOf\":{\"@id\":\"https:\/\/bernadette-schaefer.com\/de\/#website\"},\"datePublished\":\"2014-07-27T18:18:54+00:00\",\"dateModified\":\"2015-10-16T20:40:59+00:00\",\"breadcrumb\":{\"@id\":\"http:\/\/bernadette-schaefer.com\/de\/repertoire\/oper\/#breadcrumb\"},\"inLanguage\":\"de\",\"potentialAction\":[{\"@type\":\"ReadAction\",\"target\":[\"http:\/\/bernadette-schaefer.com\/de\/repertoire\/oper\/\"]}]},{\"@type\":\"BreadcrumbList\",\"@id\":\"http:\/\/bernadette-schaefer.com\/de\/repertoire\/oper\/#breadcrumb\",\"itemListElement\":[{\"@type\":\"ListItem\",\"position\":1,\"name\":\"Home\",\"item\":\"https:\/\/bernadette-schaefer.com\/de\/\"},{\"@type\":\"ListItem\",\"position\":2,\"name\":\"Repertoire\",\"item\":\"http:\/\/bernadette-schaefer.com\/de\/repertoire\/\"},{\"@type\":\"ListItem\",\"position\":3,\"name\":\"Oper\"}]}]}<\/script>\n<!-- \/ Yoast SEO plugin. -->","yoast_head_json":{"title":"Oper - Bernadette Sch\u00e4fer","robots":{"index":"index","follow":"follow","max-snippet":"max-snippet:-1","max-image-preview":"max-image-preview:large","max-video-preview":"max-video-preview:-1"},"canonical":"http:\/\/bernadette-schaefer.com\/de\/repertoire\/oper\/","og_locale":"de_DE","og_type":"article","og_title":"Oper - Bernadette Sch\u00e4fer","og_description":"Gesungene Partien Bizet, G. Carmen Frasquita Debussy, C. Pell\u00e9as et M\u00e9lisande M\u00e9lisande (Ausz\u00fcge) Humperdinck, E. H\u00e4nsel und Gretel Gretel Mozart, W. A. Le nozze di Figaro Cherubino Mozart, W. A. Die Zauberfl\u00f6te Pamina Papagena Nicolini, G. Carlo Magno Rosmida Offenbach, J. Die Verlobung bei der Laterne Anne-Marie (dt.) Purcell, H....","og_url":"http:\/\/bernadette-schaefer.com\/de\/repertoire\/oper\/","og_site_name":"Bernadette Sch\u00e4fer","article_modified_time":"2015-10-16T20:40:59+00:00","twitter_misc":{"Gesch\u00e4tzte Lesezeit":"1\u00a0Minute"},"schema":{"@context":"https:\/\/schema.org","@graph":[{"@type":"WebSite","@id":"https:\/\/bernadette-schaefer.com\/de\/#website","url":"https:\/\/bernadette-schaefer.com\/de\/","name":"Bernadette Sch\u00e4fer","description":"Sopran","potentialAction":[{"@type":"SearchAction","target":{"@type":"EntryPoint","urlTemplate":"https:\/\/bernadette-schaefer.com\/de\/?s={search_term_string}"},"query-input":"required name=search_term_string"}],"inLanguage":"de"},{"@type":"WebPage","@id":"http:\/\/bernadette-schaefer.com\/de\/repertoire\/oper\/#webpage","url":"http:\/\/bernadette-schaefer.com\/de\/repertoire\/oper\/","name":"Oper - Bernadette Sch\u00e4fer","isPartOf":{"@id":"https:\/\/bernadette-schaefer.com\/de\/#website"},"datePublished":"2014-07-27T18:18:54+00:00","dateModified":"2015-10-16T20:40:59+00:00","breadcrumb":{"@id":"http:\/\/bernadette-schaefer.com\/de\/repertoire\/oper\/#breadcrumb"},"inLanguage":"de","potentialAction":[{"@type":"ReadAction","target":["http:\/\/bernadette-schaefer.com\/de\/repertoire\/oper\/"]}]},{"@type":"BreadcrumbList","@id":"http:\/\/bernadette-schaefer.com\/de\/repertoire\/oper\/#breadcrumb","itemListElement":[{"@type":"ListItem","position":1,"name":"Home","item":"https:\/\/bernadette-schaefer.com\/de\/"},{"@type":"ListItem","position":2,"name":"Repertoire","item":"http:\/\/bernadette-schaefer.com\/de\/repertoire\/"},{"@type":"ListItem","position":3,"name":"Oper"}]}]}},"_links":{"self":[{"href":"http:\/\/bernadette-schaefer.com\/de\/wp-json\/wp\/v2\/pages\/175"}],"collection":[{"href":"http:\/\/bernadette-schaefer.com\/de\/wp-json\/wp\/v2\/pages"}],"about":[{"href":"http:\/\/bernadette-schaefer.com\/de\/wp-json\/wp\/v2\/types\/page"}],"author":[{"embeddable":true,"href":"http:\/\/bernadette-schaefer.com\/de\/wp-json\/wp\/v2\/users\/1"}],"replies":[{"embeddable":true,"href":"http:\/\/bernadette-schaefer.com\/de\/wp-json\/wp\/v2\/comments?post=175"}],"version-history":[{"count":15,"href":"http:\/\/bernadette-schaefer.com\/de\/wp-json\/wp\/v2\/pages\/175\/revisions"}],"predecessor-version":[{"id":313,"href":"http:\/\/bernadette-schaefer.com\/de\/wp-json\/wp\/v2\/pages\/175\/revisions\/313"}],"up":[{"embeddable":true,"href":"http:\/\/bernadette-schaefer.com\/de\/wp-json\/wp\/v2\/pages\/168"}],"wp:attachment":[{"href":"http:\/\/bernadette-schaefer.com\/de\/wp-json\/wp\/v2\/media?parent=175"}],"curies":[{"name":"wp","href":"https:\/\/api.w.org\/{rel}","templated":true}]}}