{"id":13,"date":"2014-07-19T09:44:27","date_gmt":"2014-07-19T07:44:27","guid":{"rendered":"http:\/\/bernadette-schaefer.com\/?page_id=2"},"modified":"2025-08-23T21:22:41","modified_gmt":"2025-08-23T19:22:41","slug":"vita","status":"publish","type":"page","link":"http:\/\/bernadette-schaefer.com\/de\/","title":{"rendered":"Vita"},"content":{"rendered":"<blockquote><p>Bernadette Sch\u00e4fer als Rosmida hat eine wunderbar geschmeidige, in allen Lagen volle und warm klingende Sopranstimme, die auch die Koloraturen ganz klar zeichnet. In ausdrucksvollem Minenspiel waren ihre zerrissenen Gef\u00fchle zwischen Liebe, Wut, Verzweiflung und Entschlossenheit abzulesen. (Taunus-Zeitung)<\/p><\/blockquote>\n\n\t\t<!-- MasterSlider -->\n\t\t<div id=\"P_MS69dde01c3dd51\" class=\"master-slider-parent msl ms-parent-id-3\" style=\"max-width:930px;\">\n\n\t\t\t\n\t\t\t<!-- MasterSlider Main -->\n\t\t\t<div id=\"MS69dde01c3dd51\" class=\"master-slider ms-skin-default\" >\n\t\t\t\t \t\t\t\t \n\t\t\t\t<div  class=\"ms-slide\" data-delay=\"4\" data-fill-mode=\"fill\"  >\n\t\t\t\t\t<img src=\"http:\/\/bernadette-schaefer.com\/de\/wp-content\/plugins\/master-slider\/public\/assets\/css\/blank.gif\" alt=\"\" title=\"\" data-src=\"http:\/\/bernadette-schaefer.com\/de\/wp-content\/uploads\/sites\/2\/2015\/01\/Bernadette_Schaefer_Impression_Vita_6.jpg\" \/>\n\n\n\t<div class=\"ms-thumb\" ><div class=\"ms-tab-context\"><div class=&quot;ms-tab-context&quot;><\/div><\/div>\n<\/div>\n\t\t\t\t<\/div>\n\t\t\t\t<div  class=\"ms-slide\" data-delay=\"3\" data-fill-mode=\"fill\"  >\n\t\t\t\t\t<img src=\"http:\/\/bernadette-schaefer.com\/de\/wp-content\/plugins\/master-slider\/public\/assets\/css\/blank.gif\" alt=\"\" title=\"\" data-src=\"http:\/\/bernadette-schaefer.com\/de\/wp-content\/uploads\/sites\/2\/2015\/01\/Bernadette_Schaefer_Impression_Vita_7.jpg\" \/>\n\n\n\t<div class=\"ms-thumb\" ><div class=\"ms-tab-context\"><div class=&quot;ms-tab-context&quot;><\/div><\/div>\n<\/div>\n\t\t\t\t<\/div>\n\t\t\t\t<div  class=\"ms-slide\" data-delay=\"3\" data-fill-mode=\"fill\"  >\n\t\t\t\t\t<img src=\"http:\/\/bernadette-schaefer.com\/de\/wp-content\/plugins\/master-slider\/public\/assets\/css\/blank.gif\" alt=\"\" title=\"\" data-src=\"http:\/\/bernadette-schaefer.com\/de\/wp-content\/uploads\/sites\/2\/2015\/01\/Bernadette_Schaefer_Impression_Vita_4.jpg\" \/>\n\n\n\t<div class=\"ms-thumb\" ><div class=\"ms-tab-context\"><div class=&quot;ms-tab-context&quot;><\/div><\/div>\n<\/div>\n\t\t\t\t<\/div>\n\n\t\t\t<\/div>\n\t\t\t<!-- END MasterSlider Main -->\n\n\t\t\t \n\t\t<\/div>\n\t\t<!-- END MasterSlider -->\n\n\t\t<script>\n\t\t(function ( $ ) {\n\t\t\t\"use strict\";\n\n\t\t\t$(function () {\n\t\t\t\tvar masterslider_dd51 = new MasterSlider();\n\n\t\t\t\t\/\/ slider controls\n\n\t\t\t\t\/\/ slider setup\n\t\t\t\tmasterslider_dd51.setup(\"MS69dde01c3dd51\", {\n\t\t\t\t\t\twidth           : 930,\n\t\t\t\t\t\theight          : 300,\n\t\t\t\t\t\tminHeight       : 0,\n\t\t\t\t\t\tspace           : 0,\n\t\t\t\t\t\tstart           : 1,\n\t\t\t\t\t\tgrabCursor      : true,\n\t\t\t\t\t\tswipe           : true,\n\t\t\t\t\t\tmouse           : true,\n\t\t\t\t\t\tlayout          : \"boxed\",\n\t\t\t\t\t\twheel           : false,\n\t\t\t\t\t\tautoplay        : true,\n\t\t\t\t\t\tinstantStartLayers:false,\n\t\t\t\t\t\tloop            : true,\n\t\t\t\t\t\tshuffle         : false,\n\t\t\t\t\t\tpreload         : 0,\n\t\t\t\t\t\theightLimit     : true,\n\t\t\t\t\t\tautoHeight      : false,\n\t\t\t\t\t\tsmoothHeight    : true,\n\t\t\t\t\t\tendPause        : false,\n\t\t\t\t\t\toverPause       : true,\n\t\t\t\t\t\tfillMode        : \"fill\",\n\t\t\t\t\t\tcenterControls  : true,\n\t\t\t\t\t\tstartOnAppear   : false,\n\t\t\t\t\t\tlayersMode      : \"center\",\n\t\t\t\t\t\thideLayers      : false,\n\t\t\t\t\t\tfullscreenMargin: 0,\n\t\t\t\t\t\tspeed           : 10,\n\t\t\t\t\t\tdir             : \"h\",\n\t\t\t\t\t\tparallaxMode    : 'swipe',\n\t\t\t\t\t\tview            : \"basic\"\n\t\t\t\t});\n\n\t\t\t\t\n\t\t\t\twindow.masterslider_instances = window.masterslider_instances || [];\n\t\t\t\twindow.masterslider_instances.push( masterslider_dd51 );\n\t\t\t });\n\n\t\t})(jQuery);\n\t\t<\/script>\n\n\n<p>Die in Koblenz geborene Sopranistin studierte an der Hochschule f\u00fcr Musik Detmold bei Prof. Sabine Ritterbusch und lebt derzeit als freiberufliche S\u00e4ngerin in Frankfurt am Main.<\/p>\n<p>Neben internationalen Engagements als Konzerts\u00e4ngerin (u.a. Liederabende in der Residenz der deutschen Botschaft in Tiflis, Georgien und Solistin in Beethovens 9. Sinfonie in Santa Cruz de la Sierra, Bolivien) war sie k\u00fcrzlich in der Reihe &#8218;Oper f\u00fcr Kinder&#8216; an der Oper Frankfurt zu erleben.<\/p>\n<p>Schon w\u00e4hrend des Studiums konnte sie ihr Repertoire durch Opernproduktionen am Theater Koblenz und am Landestheater Detmold, sowie in zahlreichen Hochschulproduktionen erweitern (u.a. Pamina in \u201eDie Zauberfl\u00f6te\u201c, Flora in \u201eLa Traviata\u201c, Frasquita in \u201eCarmen\u201c, Gretel in \u201eH\u00e4nsel und Gretel).<\/p>\n<p>Die junge Sopranistin erg\u00e4nzt ihre Studien regelm\u00e4\u00dfig durch Privatunterricht bei Prof. Hedwig Fassbender und Bj\u00f6rn Huestege und Meisterkurse bei u. a. KS Prof. Olaf B\u00e4r, Sibylla Rubens, Ingeborg Danz.<\/p>\n","protected":false},"excerpt":{"rendered":"<p>Bernadette Sch\u00e4fer als Rosmida hat eine wunderbar geschmeidige, in allen Lagen volle und warm klingende Sopranstimme, die auch die Koloraturen ganz klar zeichnet. In ausdrucksvollem Minenspiel waren ihre zerrissenen Gef\u00fchle zwischen Liebe, Wut, Verzweiflung und Entschlossenheit abzulesen. (Taunus-Zeitung) Die in Koblenz geborene Sopranistin studierte an der Hochschule f\u00fcr Musik Detmold&#8230;<\/p>\n","protected":false},"author":1,"featured_media":0,"parent":0,"menu_order":0,"comment_status":"open","ping_status":"closed","template":"page-template-fullwidth.php","meta":[],"yoast_head":"<!-- This site is optimized with the Yoast SEO plugin v18.3 - https:\/\/yoast.com\/wordpress\/plugins\/seo\/ -->\n<title>Bernadette Sch\u00e4fer: Sopran<\/title>\n<meta name=\"description\" content=\"Bernadette Sch\u00e4fer Sopran Frankfurt\" \/>\n<meta name=\"robots\" content=\"index, follow, max-snippet:-1, max-image-preview:large, max-video-preview:-1\" \/>\n<link rel=\"canonical\" href=\"http:\/\/bernadette-schaefer.com\/de\/\" \/>\n<meta property=\"og:locale\" content=\"de_DE\" \/>\n<meta property=\"og:type\" content=\"article\" \/>\n<meta property=\"og:title\" content=\"Bernadette Sch\u00e4fer: Sopran\" \/>\n<meta property=\"og:description\" content=\"Bernadette Sch\u00e4fer Sopran Frankfurt\" \/>\n<meta property=\"og:url\" content=\"http:\/\/bernadette-schaefer.com\/de\/\" \/>\n<meta property=\"og:site_name\" content=\"Bernadette Sch\u00e4fer\" \/>\n<meta property=\"article:modified_time\" content=\"2025-08-23T19:22:41+00:00\" \/>\n<meta name=\"twitter:label1\" content=\"Gesch\u00e4tzte Lesezeit\" \/>\n\t<meta name=\"twitter:data1\" content=\"1\u00a0Minute\" \/>\n<script type=\"application\/ld+json\" class=\"yoast-schema-graph\">{\"@context\":\"https:\/\/schema.org\",\"@graph\":[{\"@type\":\"WebSite\",\"@id\":\"http:\/\/bernadette-schaefer.com\/de\/#website\",\"url\":\"http:\/\/bernadette-schaefer.com\/de\/\",\"name\":\"Bernadette Sch\u00e4fer\",\"description\":\"Sopran\",\"potentialAction\":[{\"@type\":\"SearchAction\",\"target\":{\"@type\":\"EntryPoint\",\"urlTemplate\":\"http:\/\/bernadette-schaefer.com\/de\/?s={search_term_string}\"},\"query-input\":\"required name=search_term_string\"}],\"inLanguage\":\"de\"},{\"@type\":\"WebPage\",\"@id\":\"http:\/\/bernadette-schaefer.com\/de\/#webpage\",\"url\":\"http:\/\/bernadette-schaefer.com\/de\/\",\"name\":\"Bernadette Sch\u00e4fer: Sopran\",\"isPartOf\":{\"@id\":\"http:\/\/bernadette-schaefer.com\/de\/#website\"},\"datePublished\":\"2014-07-19T07:44:27+00:00\",\"dateModified\":\"2025-08-23T19:22:41+00:00\",\"description\":\"Bernadette Sch\u00e4fer Sopran Frankfurt\",\"breadcrumb\":{\"@id\":\"http:\/\/bernadette-schaefer.com\/de\/#breadcrumb\"},\"inLanguage\":\"de\",\"potentialAction\":[{\"@type\":\"ReadAction\",\"target\":[\"http:\/\/bernadette-schaefer.com\/de\/\"]}]},{\"@type\":\"BreadcrumbList\",\"@id\":\"http:\/\/bernadette-schaefer.com\/de\/#breadcrumb\",\"itemListElement\":[{\"@type\":\"ListItem\",\"position\":1,\"name\":\"Home\",\"item\":\"http:\/\/bernadette-schaefer.com\/de\/\"},{\"@type\":\"ListItem\",\"position\":2,\"name\":\"Vita\"}]}]}<\/script>\n<!-- \/ Yoast SEO plugin. -->","yoast_head_json":{"title":"Bernadette Sch\u00e4fer: Sopran","description":"Bernadette Sch\u00e4fer Sopran Frankfurt","robots":{"index":"index","follow":"follow","max-snippet":"max-snippet:-1","max-image-preview":"max-image-preview:large","max-video-preview":"max-video-preview:-1"},"canonical":"http:\/\/bernadette-schaefer.com\/de\/","og_locale":"de_DE","og_type":"article","og_title":"Bernadette Sch\u00e4fer: Sopran","og_description":"Bernadette Sch\u00e4fer Sopran Frankfurt","og_url":"http:\/\/bernadette-schaefer.com\/de\/","og_site_name":"Bernadette Sch\u00e4fer","article_modified_time":"2025-08-23T19:22:41+00:00","twitter_misc":{"Gesch\u00e4tzte Lesezeit":"1\u00a0Minute"},"schema":{"@context":"https:\/\/schema.org","@graph":[{"@type":"WebSite","@id":"http:\/\/bernadette-schaefer.com\/de\/#website","url":"http:\/\/bernadette-schaefer.com\/de\/","name":"Bernadette Sch\u00e4fer","description":"Sopran","potentialAction":[{"@type":"SearchAction","target":{"@type":"EntryPoint","urlTemplate":"http:\/\/bernadette-schaefer.com\/de\/?s={search_term_string}"},"query-input":"required name=search_term_string"}],"inLanguage":"de"},{"@type":"WebPage","@id":"http:\/\/bernadette-schaefer.com\/de\/#webpage","url":"http:\/\/bernadette-schaefer.com\/de\/","name":"Bernadette Sch\u00e4fer: Sopran","isPartOf":{"@id":"http:\/\/bernadette-schaefer.com\/de\/#website"},"datePublished":"2014-07-19T07:44:27+00:00","dateModified":"2025-08-23T19:22:41+00:00","description":"Bernadette Sch\u00e4fer Sopran Frankfurt","breadcrumb":{"@id":"http:\/\/bernadette-schaefer.com\/de\/#breadcrumb"},"inLanguage":"de","potentialAction":[{"@type":"ReadAction","target":["http:\/\/bernadette-schaefer.com\/de\/"]}]},{"@type":"BreadcrumbList","@id":"http:\/\/bernadette-schaefer.com\/de\/#breadcrumb","itemListElement":[{"@type":"ListItem","position":1,"name":"Home","item":"http:\/\/bernadette-schaefer.com\/de\/"},{"@type":"ListItem","position":2,"name":"Vita"}]}]}},"_links":{"self":[{"href":"http:\/\/bernadette-schaefer.com\/de\/wp-json\/wp\/v2\/pages\/13"}],"collection":[{"href":"http:\/\/bernadette-schaefer.com\/de\/wp-json\/wp\/v2\/pages"}],"about":[{"href":"http:\/\/bernadette-schaefer.com\/de\/wp-json\/wp\/v2\/types\/page"}],"author":[{"embeddable":true,"href":"http:\/\/bernadette-schaefer.com\/de\/wp-json\/wp\/v2\/users\/1"}],"replies":[{"embeddable":true,"href":"http:\/\/bernadette-schaefer.com\/de\/wp-json\/wp\/v2\/comments?post=13"}],"version-history":[{"count":16,"href":"http:\/\/bernadette-schaefer.com\/de\/wp-json\/wp\/v2\/pages\/13\/revisions"}],"predecessor-version":[{"id":479,"href":"http:\/\/bernadette-schaefer.com\/de\/wp-json\/wp\/v2\/pages\/13\/revisions\/479"}],"wp:attachment":[{"href":"http:\/\/bernadette-schaefer.com\/de\/wp-json\/wp\/v2\/media?parent=13"}],"curies":[{"name":"wp","href":"https:\/\/api.w.org\/{rel}","templated":true}]}}